{"id":2719,"date":"2024-02-29T10:46:45","date_gmt":"2024-02-29T08:46:45","guid":{"rendered":"https:\/\/166131.web.zcom.it\/ueber-uns\/"},"modified":"2025-09-23T09:58:39","modified_gmt":"2025-09-23T07:58:39","slug":"uber-uns","status":"publish","type":"page","link":"https:\/\/www.eurotecriga.com\/de\/uber-uns\/","title":{"rendered":"\u00dcber uns"},"content":{"rendered":"\t\t<div data-elementor-type=\"wp-page\" data-elementor-id=\"2719\" class=\"elementor elementor-2719 elementor-34\" data-elementor-post-type=\"page\">\n\t\t\t\t<div class=\"elementor-element elementor-element-5f56331 e-flex e-con-boxed e-con e-parent\" data-id=\"5f56331\" data-element_type=\"container\" data-e-type=\"container\">\n\t\t\t\t\t<div class=\"e-con-inner\">\n\t\t<div class=\"elementor-element elementor-element-86ff8bc e-con-full e-flex e-con e-child\" data-id=\"86ff8bc\" data-element_type=\"container\" data-e-type=\"container\">\n\t\t<div class=\"elementor-element elementor-element-fe72c98 e-con-full e-flex e-con e-child\" data-id=\"fe72c98\" data-element_type=\"container\" data-e-type=\"container\" data-settings=\"{&quot;background_background&quot;:&quot;classic&quot;}\">\n\t\t\t\t<div class=\"elementor-element elementor-element-7eac86c elementor-widget elementor-widget-heading\" data-id=\"7eac86c\" data-element_type=\"widget\" data-e-type=\"widget\" data-widget_type=\"heading.default\">\n\t\t\t\t<div class=\"elementor-widget-container\">\n\t\t\t\t\t<h2 class=\"elementor-heading-title elementor-size-default\">Agentur<\/h2>\t\t\t\t<\/div>\n\t\t\t\t<\/div>\n\t\t\t\t<div class=\"elementor-element elementor-element-371180c elementor-widget elementor-widget-heading\" data-id=\"371180c\" data-element_type=\"widget\" data-e-type=\"widget\" data-widget_type=\"heading.default\">\n\t\t\t\t<div class=\"elementor-widget-container\">\n\t\t\t\t\t<h2 class=\"elementor-heading-title elementor-size-default\">Eurotec Riga<\/h2>\t\t\t\t<\/div>\n\t\t\t\t<\/div>\n\t\t\t\t<\/div>\n\t\t<div class=\"elementor-element elementor-element-e4bc41c e-con-full e-flex e-con e-child\" data-id=\"e4bc41c\" data-element_type=\"container\" data-e-type=\"container\" data-settings=\"{&quot;background_background&quot;:&quot;classic&quot;}\">\n\t\t\t\t<\/div>\n\t\t\t\t<\/div>\n\t\t<div class=\"elementor-element elementor-element-0d8a0af e-con-full e-flex e-con e-child\" data-id=\"0d8a0af\" data-element_type=\"container\" data-e-type=\"container\">\n\t\t<div class=\"elementor-element elementor-element-0544890 e-con-full e-flex e-con e-child\" data-id=\"0544890\" data-element_type=\"container\" data-e-type=\"container\">\n\t\t\t\t<div class=\"elementor-element elementor-element-5679072 elementor-widget elementor-widget-text-editor\" data-id=\"5679072\" data-element_type=\"widget\" data-e-type=\"widget\" data-widget_type=\"text-editor.default\">\n\t\t\t\t<div class=\"elementor-widget-container\">\n\t\t\t\t\t\t\t\t\t<p>Strategisch g\u00fcnstig gelegen, nur wenige Kilometer von einer der wichtigsten europ\u00e4ischen Verbindungsstra\u00dfen entfernt:<\/p><p>Unser Firmensitz liegt in unmittelbarer N\u00e4he der Brennerautobahn und verf\u00fcgt \u00fcber einen gro\u00dfen, f\u00fcr verschiedene Verkehrsmittel geeigneten Platz sowie einen Besucherparkplatz, der Mobilit\u00e4t und Funktionalit\u00e4t garantiert und ein schnelles und effizientes Logistiksystem erm\u00f6glicht, um den Anforderungen unserer Kunden gerecht zu werden.<\/p><p>Dank unserer Effizienz k\u00f6nnen wir die beste Qualit\u00e4t zu wettbewerbsf\u00e4higen Preisen anbieten und haben die M\u00f6glichkeit, einen personalisierten Service anzubieten, beispielsweise durch die Anbringung eines vom Kunden gew\u00fcnschten Logos.<\/p><p>Wir laden Sie ein, mehr \u00fcber unsere Produkte und Neuigkeiten zu erfahren, indem Sie unsere Hauptsortimente entdecken:<\/p><p>F\u00fcr professionelle Induktion: Auftisch-Induktionskochfelder und Einbau-Induktionskochfelder.<\/p><p>F\u00fcr Mikrowellenherde:<\/p><p>professionelle Mikrowellenherde, Kombi-\u00d6fen, elektrische Konvektions\u00f6fen, Selbstbedienungs\u00f6fen und \u00d6fen f\u00fcr den Einsatz auf See, wobei letztere eine komplette Modellpalette bilden, die speziell f\u00fcr den au\u00dfereurop\u00e4ischen Markt entwickelt wurde.<\/p>\t\t\t\t\t\t\t\t<\/div>\n\t\t\t\t<\/div>\n\t\t\t\t<\/div>\n\t\t<div class=\"elementor-element elementor-element-6f090d8 e-con-full e-flex e-con e-child\" data-id=\"6f090d8\" data-element_type=\"container\" data-e-type=\"container\">\n\t\t<div class=\"elementor-element elementor-element-64a2241 e-con-full e-flex e-con e-child\" data-id=\"64a2241\" data-element_type=\"container\" data-e-type=\"container\">\n\t\t<div class=\"elementor-element elementor-element-397f1bd e-con-full e-flex e-con e-child\" data-id=\"397f1bd\" data-element_type=\"container\" data-e-type=\"container\">\n\t\t\t\t<div class=\"elementor-element elementor-element-615f247 elementor-widget__width-initial elementor-view-default elementor-position-block-start elementor-mobile-position-block-start elementor-widget elementor-widget-icon-box\" data-id=\"615f247\" data-element_type=\"widget\" data-e-type=\"widget\" data-widget_type=\"icon-box.default\">\n\t\t\t\t<div class=\"elementor-widget-container\">\n\t\t\t\t\t\t\t<div class=\"elementor-icon-box-wrapper\">\n\n\t\t\t\t\t\t<div class=\"elementor-icon-box-icon\">\n\t\t\t\t<span  class=\"elementor-icon\">\n\t\t\t\t<i aria-hidden=\"true\" class=\"icon icon-diamond\"><\/i>\t\t\t\t<\/span>\n\t\t\t<\/div>\n\t\t\t\n\t\t\t\t\t\t<div class=\"elementor-icon-box-content\">\n\n\t\t\t\t\t\t\t\t\t<h3 class=\"elementor-icon-box-title\">\n\t\t\t\t\t\t<span  >\n\t\t\t\t\t\t\tQualit\u00e4t\t\t\t\t\t\t<\/span>\n\t\t\t\t\t<\/h3>\n\t\t\t\t\n\t\t\t\t\t\t\t\t\t<p class=\"elementor-icon-box-description\">\n\t\t\t\t\t\tBei Eurotec Riga ist Qualit\u00e4t keine Option, sondern Standard. Jedes unserer Produkte unterliegt strengen Kontrollen und verf\u00fcgt \u00fcber Zertifizierungen, die Sicherheit garantieren. \t\t\t\t\t<\/p>\n\t\t\t\t\n\t\t\t<\/div>\n\t\t\t\n\t\t<\/div>\n\t\t\t\t\t\t<\/div>\n\t\t\t\t<\/div>\n\t\t\t\t<div class=\"elementor-element elementor-element-9573979 elementor-widget__width-initial elementor-view-default elementor-position-block-start elementor-mobile-position-block-start elementor-widget elementor-widget-icon-box\" data-id=\"9573979\" data-element_type=\"widget\" data-e-type=\"widget\" data-widget_type=\"icon-box.default\">\n\t\t\t\t<div class=\"elementor-widget-container\">\n\t\t\t\t\t\t\t<div class=\"elementor-icon-box-wrapper\">\n\n\t\t\t\t\t\t<div class=\"elementor-icon-box-icon\">\n\t\t\t\t<span  class=\"elementor-icon\">\n\t\t\t\t<i aria-hidden=\"true\" class=\"icon icon-lock\"><\/i>\t\t\t\t<\/span>\n\t\t\t<\/div>\n\t\t\t\n\t\t\t\t\t\t<div class=\"elementor-icon-box-content\">\n\n\t\t\t\t\t\t\t\t\t<h3 class=\"elementor-icon-box-title\">\n\t\t\t\t\t\t<span  >\n\t\t\t\t\t\t\tZuverl\u00e4ssigkeit\t\t\t\t\t\t<\/span>\n\t\t\t\t\t<\/h3>\n\t\t\t\t\n\t\t\t\t\t\t\t\t\t<p class=\"elementor-icon-box-description\">\n\t\t\t\t\t\tEurotec Riga steht f\u00fcr Solidit\u00e4t und Koh\u00e4renz. Seit Jahren begleiten wir unsere Kunden mit sicheren technischen L\u00f6sungen \t\t\t\t\t<\/p>\n\t\t\t\t\n\t\t\t<\/div>\n\t\t\t\n\t\t<\/div>\n\t\t\t\t\t\t<\/div>\n\t\t\t\t<\/div>\n\t\t\t\t<\/div>\n\t\t<div class=\"elementor-element elementor-element-c42f3e6 e-con-full e-flex e-con e-child\" data-id=\"c42f3e6\" data-element_type=\"container\" data-e-type=\"container\">\n\t\t\t\t<div class=\"elementor-element elementor-element-7fd50c5 elementor-widget__width-initial elementor-view-default elementor-position-block-start elementor-mobile-position-block-start elementor-widget elementor-widget-icon-box\" data-id=\"7fd50c5\" data-element_type=\"widget\" data-e-type=\"widget\" data-widget_type=\"icon-box.default\">\n\t\t\t\t<div class=\"elementor-widget-container\">\n\t\t\t\t\t\t\t<div class=\"elementor-icon-box-wrapper\">\n\n\t\t\t\t\t\t<div class=\"elementor-icon-box-icon\">\n\t\t\t\t<span  class=\"elementor-icon\">\n\t\t\t\t<i aria-hidden=\"true\" class=\"icon icon-rocket\"><\/i>\t\t\t\t<\/span>\n\t\t\t<\/div>\n\t\t\t\n\t\t\t\t\t\t<div class=\"elementor-icon-box-content\">\n\n\t\t\t\t\t\t\t\t\t<h3 class=\"elementor-icon-box-title\">\n\t\t\t\t\t\t<span  >\n\t\t\t\t\t\t\tGeschwindigkeit\t\t\t\t\t\t<\/span>\n\t\t\t\t\t<\/h3>\n\t\t\t\t\n\t\t\t\t\t\t\t\t\t<p class=\"elementor-icon-box-description\">\n\t\t\t\t\t\tIn einem Markt, in dem Zeit von entscheidender Bedeutung ist, garantiert Eurotec Riga Reaktionsf\u00e4higkeit und optimierte Lieferzeiten\t\t\t\t\t<\/p>\n\t\t\t\t\n\t\t\t<\/div>\n\t\t\t\n\t\t<\/div>\n\t\t\t\t\t\t<\/div>\n\t\t\t\t<\/div>\n\t\t\t\t<div class=\"elementor-element elementor-element-2f39432 elementor-widget__width-initial elementor-view-default elementor-position-block-start elementor-mobile-position-block-start elementor-widget elementor-widget-icon-box\" data-id=\"2f39432\" data-element_type=\"widget\" data-e-type=\"widget\" data-widget_type=\"icon-box.default\">\n\t\t\t\t<div class=\"elementor-widget-container\">\n\t\t\t\t\t\t\t<div class=\"elementor-icon-box-wrapper\">\n\n\t\t\t\t\t\t<div class=\"elementor-icon-box-icon\">\n\t\t\t\t<span  class=\"elementor-icon\">\n\t\t\t\t<i aria-hidden=\"true\" class=\"icon icon-phone-handset\"><\/i>\t\t\t\t<\/span>\n\t\t\t<\/div>\n\t\t\t\n\t\t\t\t\t\t<div class=\"elementor-icon-box-content\">\n\n\t\t\t\t\t\t\t\t\t<h3 class=\"elementor-icon-box-title\">\n\t\t\t\t\t\t<span  >\n\t\t\t\t\t\t\tUnterst\u00fctzung und Kundendienst\t\t\t\t\t\t<\/span>\n\t\t\t\t\t<\/h3>\n\t\t\t\t\n\t\t\t\t\t\t\t\t\t<p class=\"elementor-icon-box-description\">\n\t\t\t\t\t\tDie Beziehung zum Kunden endet nicht mit der Lieferung: Wir garantieren p\u00fcnktliche und kompetente Unterst\u00fctzung und unterst\u00fctzen jeden Partner auch langfristig\t\t\t\t\t<\/p>\n\t\t\t\t\n\t\t\t<\/div>\n\t\t\t\n\t\t<\/div>\n\t\t\t\t\t\t<\/div>\n\t\t\t\t<\/div>\n\t\t\t\t<\/div>\n\t\t\t\t<\/div>\n\t\t\t\t<\/div>\n\t\t\t\t<\/div>\n\t\t\t\t\t<\/div>\n\t\t\t\t<\/div>\n\t\t<div class=\"elementor-element elementor-element-136d9a0 e-flex e-con-boxed e-con e-parent\" data-id=\"136d9a0\" data-element_type=\"container\" data-e-type=\"container\">\n\t\t\t\t\t<div class=\"e-con-inner\">\n\t\t<div class=\"elementor-element elementor-element-8f55437 e-con-full e-flex e-con e-child\" data-id=\"8f55437\" data-element_type=\"container\" data-e-type=\"container\" data-settings=\"{&quot;background_background&quot;:&quot;gradient&quot;}\">\n\t\t<div class=\"elementor-element elementor-element-baecfc4 e-con-full e-flex e-con e-child\" data-id=\"baecfc4\" data-element_type=\"container\" data-e-type=\"container\">\n\t\t\t\t<div class=\"elementor-element elementor-element-72ef878 elementor-widget elementor-widget-heading\" data-id=\"72ef878\" data-element_type=\"widget\" data-e-type=\"widget\" data-widget_type=\"heading.default\">\n\t\t\t\t<div class=\"elementor-widget-container\">\n\t\t\t\t\t<h2 class=\"elementor-heading-title elementor-size-default\">Jahre, in denen wir diesen Sektor dominieren<\/h2>\t\t\t\t<\/div>\n\t\t\t\t<\/div>\n\t\t\t\t<div class=\"elementor-element elementor-element-d970de2 elementor-widget__width-initial elementor-widget elementor-widget-text-editor\" data-id=\"d970de2\" data-element_type=\"widget\" data-e-type=\"widget\" data-widget_type=\"text-editor.default\">\n\t\t\t\t<div class=\"elementor-widget-container\">\n\t\t\t\t\t\t\t\t\t<p>Mit gro\u00dfer Zufriedenheit feiert EUROTEC RIGA INTERNATIONAL 50 <strong>Jahre Forschung und Bereitstellung innovativer Technologien f\u00fcr die professionelle Gastronomie.<\/strong><\/p>\t\t\t\t\t\t\t\t<\/div>\n\t\t\t\t<\/div>\n\t\t\t\t<\/div>\n\t\t<div class=\"elementor-element elementor-element-cded30b e-con-full e-flex e-con e-child\" data-id=\"cded30b\" data-element_type=\"container\" data-e-type=\"container\" data-settings=\"{&quot;background_background&quot;:&quot;classic&quot;,&quot;position&quot;:&quot;absolute&quot;}\">\n\t\t\t\t<div class=\"elementor-element elementor-element-4796804 elementor-widget elementor-widget-image\" data-id=\"4796804\" data-element_type=\"widget\" data-e-type=\"widget\" data-widget_type=\"image.default\">\n\t\t\t\t<div class=\"elementor-widget-container\">\n\t\t\t\t\t\t\t\t\t\t\t\t\t\t\t<img fetchpriority=\"high\" decoding=\"async\" width=\"1080\" height=\"1080\" src=\"https:\/\/www.eurotecriga.com\/wp-content\/uploads\/2025\/09\/50-anni-di-esperienza-1.png\" class=\"elementor-animation-grow attachment-full size-full wp-image-5358\" alt=\"50-anni-di-esperienza-1\" srcset=\"https:\/\/www.eurotecriga.com\/wp-content\/uploads\/2025\/09\/50-anni-di-esperienza-1.png 1080w, https:\/\/www.eurotecriga.com\/wp-content\/uploads\/2025\/09\/50-anni-di-esperienza-1-300x300.png 300w, https:\/\/www.eurotecriga.com\/wp-content\/uploads\/2025\/09\/50-anni-di-esperienza-1-1024x1024.png 1024w, https:\/\/www.eurotecriga.com\/wp-content\/uploads\/2025\/09\/50-anni-di-esperienza-1-150x150.png 150w, https:\/\/www.eurotecriga.com\/wp-content\/uploads\/2025\/09\/50-anni-di-esperienza-1-768x768.png 768w\" sizes=\"(max-width: 1080px) 100vw, 1080px\" \/>\t\t\t\t\t\t\t\t\t\t\t\t\t\t\t<\/div>\n\t\t\t\t<\/div>\n\t\t\t\t<div class=\"elementor-element elementor-element-975812b elementor-widget__width-initial elementor-absolute elementor-widget elementor-widget-spacer\" data-id=\"975812b\" data-element_type=\"widget\" data-e-type=\"widget\" data-settings=\"{&quot;_position&quot;:&quot;absolute&quot;}\" data-widget_type=\"spacer.default\">\n\t\t\t\t<div class=\"elementor-widget-container\">\n\t\t\t\t\t\t\t<div class=\"elementor-spacer\">\n\t\t\t<div class=\"elementor-spacer-inner\"><\/div>\n\t\t<\/div>\n\t\t\t\t\t\t<\/div>\n\t\t\t\t<\/div>\n\t\t\t\t<div class=\"elementor-element elementor-element-6b4d312 elementor-widget__width-initial elementor-absolute elementor-widget elementor-widget-spacer\" data-id=\"6b4d312\" data-element_type=\"widget\" data-e-type=\"widget\" data-settings=\"{&quot;_position&quot;:&quot;absolute&quot;}\" data-widget_type=\"spacer.default\">\n\t\t\t\t<div class=\"elementor-widget-container\">\n\t\t\t\t\t\t\t<div class=\"elementor-spacer\">\n\t\t\t<div class=\"elementor-spacer-inner\"><\/div>\n\t\t<\/div>\n\t\t\t\t\t\t<\/div>\n\t\t\t\t<\/div>\n\t\t\t\t<\/div>\n\t\t\t\t<\/div>\n\t\t\t\t\t<\/div>\n\t\t\t\t<\/div>\n\t\t\t\t<\/div>\n\t\t","protected":false},"excerpt":{"rendered":"<p>Agentur Eurotec Riga Strategisch g\u00fcnstig gelegen, nur wenige Kilometer von einer der wichtigsten europ\u00e4ischen Verbindungsstra\u00dfen entfernt: Unser Firmensitz liegt in unmittelbarer N\u00e4he der Brennerautobahn und verf\u00fcgt \u00fcber einen gro\u00dfen, f\u00fcr verschiedene Verkehrsmittel geeigneten Platz sowie einen Besucherparkplatz, der Mobilit\u00e4t und Funktionalit\u00e4t garantiert und ein schnelles und effizientes Logistiksystem erm\u00f6glicht, um den Anforderungen unserer Kunden gerecht [&hellip;]<\/p>\n","protected":false},"author":1,"featured_media":0,"parent":0,"menu_order":0,"comment_status":"closed","ping_status":"closed","template":"","meta":{"footnotes":""},"class_list":["post-2719","page","type-page","status-publish","hentry"],"yoast_head":"<!-- This site is optimized with the Yoast SEO plugin v26.5 - https:\/\/yoast.com\/wordpress\/plugins\/seo\/ -->\n<title>\u00dcber uns - Eurotec Riga<\/title>\n<meta name=\"robots\" content=\"index, follow, max-snippet:-1, max-image-preview:large, max-video-preview:-1\" \/>\n<link rel=\"canonical\" href=\"https:\/\/www.eurotecriga.com\/chi-siamo\/\" \/>\n<meta property=\"og:locale\" content=\"de_DE\" \/>\n<meta property=\"og:type\" content=\"article\" \/>\n<meta property=\"og:title\" content=\"\u00dcber uns - Eurotec Riga\" \/>\n<meta property=\"og:description\" content=\"Agentur Eurotec Riga Strategisch g\u00fcnstig gelegen, nur wenige Kilometer von einer der wichtigsten europ\u00e4ischen Verbindungsstra\u00dfen entfernt: Unser Firmensitz liegt in unmittelbarer N\u00e4he der Brennerautobahn und verf\u00fcgt \u00fcber einen gro\u00dfen, f\u00fcr verschiedene Verkehrsmittel geeigneten Platz sowie einen Besucherparkplatz, der Mobilit\u00e4t und Funktionalit\u00e4t garantiert und ein schnelles und effizientes Logistiksystem erm\u00f6glicht, um den Anforderungen unserer Kunden gerecht [&hellip;]\" \/>\n<meta property=\"og:url\" content=\"https:\/\/www.eurotecriga.com\/chi-siamo\/\" \/>\n<meta property=\"og:site_name\" content=\"Eurotec Riga\" \/>\n<meta property=\"article:modified_time\" content=\"2025-09-23T07:58:39+00:00\" \/>\n<meta property=\"og:image\" content=\"https:\/\/www.eurotecriga.com\/wp-content\/uploads\/2025\/09\/50-anni-di-esperienza-1.png\" \/>\n<meta name=\"twitter:card\" content=\"summary_large_image\" \/>\n<meta name=\"twitter:label1\" content=\"Gesch\u00e4tzte Lesezeit\" \/>\n\t<meta name=\"twitter:data1\" content=\"1\u00a0Minute\" \/>\n<script type=\"application\/ld+json\" class=\"yoast-schema-graph\">{\"@context\":\"https:\/\/schema.org\",\"@graph\":[{\"@type\":\"WebPage\",\"@id\":\"https:\/\/www.eurotecriga.com\/chi-siamo\/\",\"url\":\"https:\/\/www.eurotecriga.com\/chi-siamo\/\",\"name\":\"\u00dcber uns - Eurotec Riga\",\"isPartOf\":{\"@id\":\"https:\/\/www.eurotecriga.com\/#website\"},\"primaryImageOfPage\":{\"@id\":\"https:\/\/www.eurotecriga.com\/chi-siamo\/#primaryimage\"},\"image\":{\"@id\":\"https:\/\/www.eurotecriga.com\/chi-siamo\/#primaryimage\"},\"thumbnailUrl\":\"https:\/\/www.eurotecriga.com\/wp-content\/uploads\/2025\/09\/50-anni-di-esperienza-1.png\",\"datePublished\":\"2024-02-29T08:46:45+00:00\",\"dateModified\":\"2025-09-23T07:58:39+00:00\",\"breadcrumb\":{\"@id\":\"https:\/\/www.eurotecriga.com\/chi-siamo\/#breadcrumb\"},\"inLanguage\":\"de\",\"potentialAction\":[{\"@type\":\"ReadAction\",\"target\":[\"https:\/\/www.eurotecriga.com\/chi-siamo\/\"]}]},{\"@type\":\"ImageObject\",\"inLanguage\":\"de\",\"@id\":\"https:\/\/www.eurotecriga.com\/chi-siamo\/#primaryimage\",\"url\":\"https:\/\/www.eurotecriga.com\/wp-content\/uploads\/2025\/09\/50-anni-di-esperienza-1.png\",\"contentUrl\":\"https:\/\/www.eurotecriga.com\/wp-content\/uploads\/2025\/09\/50-anni-di-esperienza-1.png\"},{\"@type\":\"BreadcrumbList\",\"@id\":\"https:\/\/www.eurotecriga.com\/chi-siamo\/#breadcrumb\",\"itemListElement\":[{\"@type\":\"ListItem\",\"position\":1,\"name\":\"Home\",\"item\":\"https:\/\/www.eurotecriga.com\/de\/\"},{\"@type\":\"ListItem\",\"position\":2,\"name\":\"\u00dcber uns\"}]},{\"@type\":\"WebSite\",\"@id\":\"https:\/\/www.eurotecriga.com\/#website\",\"url\":\"https:\/\/www.eurotecriga.com\/\",\"name\":\"Eurotec Riga\",\"description\":\"Eurotec Riga\",\"publisher\":{\"@id\":\"https:\/\/www.eurotecriga.com\/#organization\"},\"potentialAction\":[{\"@type\":\"SearchAction\",\"target\":{\"@type\":\"EntryPoint\",\"urlTemplate\":\"https:\/\/www.eurotecriga.com\/?s={search_term_string}\"},\"query-input\":{\"@type\":\"PropertyValueSpecification\",\"valueRequired\":true,\"valueName\":\"search_term_string\"}}],\"inLanguage\":\"de\"},{\"@type\":\"Organization\",\"@id\":\"https:\/\/www.eurotecriga.com\/#organization\",\"name\":\"Eurotec Riga\",\"url\":\"https:\/\/www.eurotecriga.com\/\",\"logo\":{\"@type\":\"ImageObject\",\"inLanguage\":\"de\",\"@id\":\"https:\/\/www.eurotecriga.com\/#\/schema\/logo\/image\/\",\"url\":\"https:\/\/www.eurotecriga.com\/wp-content\/uploads\/2024\/02\/50-anni-di-esperienza-2-e1758613634850.png\",\"contentUrl\":\"https:\/\/www.eurotecriga.com\/wp-content\/uploads\/2024\/02\/50-anni-di-esperienza-2-e1758613634850.png\",\"width\":1080,\"height\":292,\"caption\":\"Eurotec Riga\"},\"image\":{\"@id\":\"https:\/\/www.eurotecriga.com\/#\/schema\/logo\/image\/\"}}]}<\/script>\n<!-- \/ Yoast SEO plugin. -->","yoast_head_json":{"title":"\u00dcber uns - Eurotec Riga","robots":{"index":"index","follow":"follow","max-snippet":"max-snippet:-1","max-image-preview":"max-image-preview:large","max-video-preview":"max-video-preview:-1"},"canonical":"https:\/\/www.eurotecriga.com\/chi-siamo\/","og_locale":"de_DE","og_type":"article","og_title":"\u00dcber uns - Eurotec Riga","og_description":"Agentur Eurotec Riga Strategisch g\u00fcnstig gelegen, nur wenige Kilometer von einer der wichtigsten europ\u00e4ischen Verbindungsstra\u00dfen entfernt: Unser Firmensitz liegt in unmittelbarer N\u00e4he der Brennerautobahn und verf\u00fcgt \u00fcber einen gro\u00dfen, f\u00fcr verschiedene Verkehrsmittel geeigneten Platz sowie einen Besucherparkplatz, der Mobilit\u00e4t und Funktionalit\u00e4t garantiert und ein schnelles und effizientes Logistiksystem erm\u00f6glicht, um den Anforderungen unserer Kunden gerecht [&hellip;]","og_url":"https:\/\/www.eurotecriga.com\/chi-siamo\/","og_site_name":"Eurotec Riga","article_modified_time":"2025-09-23T07:58:39+00:00","og_image":[{"url":"https:\/\/www.eurotecriga.com\/wp-content\/uploads\/2025\/09\/50-anni-di-esperienza-1.png","type":"","width":"","height":""}],"twitter_card":"summary_large_image","twitter_misc":{"Gesch\u00e4tzte Lesezeit":"1\u00a0Minute"},"schema":{"@context":"https:\/\/schema.org","@graph":[{"@type":"WebPage","@id":"https:\/\/www.eurotecriga.com\/chi-siamo\/","url":"https:\/\/www.eurotecriga.com\/chi-siamo\/","name":"\u00dcber uns - Eurotec Riga","isPartOf":{"@id":"https:\/\/www.eurotecriga.com\/#website"},"primaryImageOfPage":{"@id":"https:\/\/www.eurotecriga.com\/chi-siamo\/#primaryimage"},"image":{"@id":"https:\/\/www.eurotecriga.com\/chi-siamo\/#primaryimage"},"thumbnailUrl":"https:\/\/www.eurotecriga.com\/wp-content\/uploads\/2025\/09\/50-anni-di-esperienza-1.png","datePublished":"2024-02-29T08:46:45+00:00","dateModified":"2025-09-23T07:58:39+00:00","breadcrumb":{"@id":"https:\/\/www.eurotecriga.com\/chi-siamo\/#breadcrumb"},"inLanguage":"de","potentialAction":[{"@type":"ReadAction","target":["https:\/\/www.eurotecriga.com\/chi-siamo\/"]}]},{"@type":"ImageObject","inLanguage":"de","@id":"https:\/\/www.eurotecriga.com\/chi-siamo\/#primaryimage","url":"https:\/\/www.eurotecriga.com\/wp-content\/uploads\/2025\/09\/50-anni-di-esperienza-1.png","contentUrl":"https:\/\/www.eurotecriga.com\/wp-content\/uploads\/2025\/09\/50-anni-di-esperienza-1.png"},{"@type":"BreadcrumbList","@id":"https:\/\/www.eurotecriga.com\/chi-siamo\/#breadcrumb","itemListElement":[{"@type":"ListItem","position":1,"name":"Home","item":"https:\/\/www.eurotecriga.com\/de\/"},{"@type":"ListItem","position":2,"name":"\u00dcber uns"}]},{"@type":"WebSite","@id":"https:\/\/www.eurotecriga.com\/#website","url":"https:\/\/www.eurotecriga.com\/","name":"Eurotec Riga","description":"Eurotec Riga","publisher":{"@id":"https:\/\/www.eurotecriga.com\/#organization"},"potentialAction":[{"@type":"SearchAction","target":{"@type":"EntryPoint","urlTemplate":"https:\/\/www.eurotecriga.com\/?s={search_term_string}"},"query-input":{"@type":"PropertyValueSpecification","valueRequired":true,"valueName":"search_term_string"}}],"inLanguage":"de"},{"@type":"Organization","@id":"https:\/\/www.eurotecriga.com\/#organization","name":"Eurotec Riga","url":"https:\/\/www.eurotecriga.com\/","logo":{"@type":"ImageObject","inLanguage":"de","@id":"https:\/\/www.eurotecriga.com\/#\/schema\/logo\/image\/","url":"https:\/\/www.eurotecriga.com\/wp-content\/uploads\/2024\/02\/50-anni-di-esperienza-2-e1758613634850.png","contentUrl":"https:\/\/www.eurotecriga.com\/wp-content\/uploads\/2024\/02\/50-anni-di-esperienza-2-e1758613634850.png","width":1080,"height":292,"caption":"Eurotec Riga"},"image":{"@id":"https:\/\/www.eurotecriga.com\/#\/schema\/logo\/image\/"}}]}},"_links":{"self":[{"href":"https:\/\/www.eurotecriga.com\/de\/wp-json\/wp\/v2\/pages\/2719","targetHints":{"allow":["GET"]}}],"collection":[{"href":"https:\/\/www.eurotecriga.com\/de\/wp-json\/wp\/v2\/pages"}],"about":[{"href":"https:\/\/www.eurotecriga.com\/de\/wp-json\/wp\/v2\/types\/page"}],"author":[{"embeddable":true,"href":"https:\/\/www.eurotecriga.com\/de\/wp-json\/wp\/v2\/users\/1"}],"replies":[{"embeddable":true,"href":"https:\/\/www.eurotecriga.com\/de\/wp-json\/wp\/v2\/comments?post=2719"}],"version-history":[{"count":2,"href":"https:\/\/www.eurotecriga.com\/de\/wp-json\/wp\/v2\/pages\/2719\/revisions"}],"predecessor-version":[{"id":5397,"href":"https:\/\/www.eurotecriga.com\/de\/wp-json\/wp\/v2\/pages\/2719\/revisions\/5397"}],"wp:attachment":[{"href":"https:\/\/www.eurotecriga.com\/de\/wp-json\/wp\/v2\/media?parent=2719"}],"curies":[{"name":"wp","href":"https:\/\/api.w.org\/{rel}","templated":true}]}}