{"id":2724,"date":"2024-02-29T10:46:45","date_gmt":"2024-02-29T08:46:45","guid":{"rendered":"https:\/\/166131.web.zcom.it\/sobre-nosotros\/"},"modified":"2025-12-05T14:25:55","modified_gmt":"2025-12-05T12:25:55","slug":"sobre-nosotros","status":"publish","type":"page","link":"https:\/\/www.eurotecriga.com\/es\/sobre-nosotros\/","title":{"rendered":"Sobre nosotros"},"content":{"rendered":"\t\t<div data-elementor-type=\"wp-page\" data-elementor-id=\"2724\" class=\"elementor elementor-2724 elementor-34\" data-elementor-post-type=\"page\">\n\t\t\t\t<div class=\"elementor-element elementor-element-5f56331 e-flex e-con-boxed e-con e-parent\" data-id=\"5f56331\" data-element_type=\"container\" data-e-type=\"container\">\n\t\t\t\t\t<div class=\"e-con-inner\">\n\t\t<div class=\"elementor-element elementor-element-86ff8bc e-con-full e-flex e-con e-child\" data-id=\"86ff8bc\" data-element_type=\"container\" data-e-type=\"container\">\n\t\t<div class=\"elementor-element elementor-element-fe72c98 e-con-full e-flex e-con e-child\" data-id=\"fe72c98\" data-element_type=\"container\" data-e-type=\"container\" data-settings=\"{&quot;background_background&quot;:&quot;classic&quot;}\">\n\t\t\t\t<div class=\"elementor-element elementor-element-7eac86c elementor-widget elementor-widget-heading\" data-id=\"7eac86c\" data-element_type=\"widget\" data-e-type=\"widget\" data-widget_type=\"heading.default\">\n\t\t\t\t<div class=\"elementor-widget-container\">\n\t\t\t\t\t<h2 class=\"elementor-heading-title elementor-size-default\">Agencia<\/h2>\t\t\t\t<\/div>\n\t\t\t\t<\/div>\n\t\t\t\t<div class=\"elementor-element elementor-element-371180c elementor-widget elementor-widget-heading\" data-id=\"371180c\" data-element_type=\"widget\" data-e-type=\"widget\" data-widget_type=\"heading.default\">\n\t\t\t\t<div class=\"elementor-widget-container\">\n\t\t\t\t\t<h2 class=\"elementor-heading-title elementor-size-default\">Eurotec Riga<\/h2>\t\t\t\t<\/div>\n\t\t\t\t<\/div>\n\t\t\t\t<\/div>\n\t\t<div class=\"elementor-element elementor-element-e4bc41c e-con-full e-flex e-con e-child\" data-id=\"e4bc41c\" data-element_type=\"container\" data-e-type=\"container\" data-settings=\"{&quot;background_background&quot;:&quot;classic&quot;}\">\n\t\t\t\t<\/div>\n\t\t\t\t<\/div>\n\t\t<div class=\"elementor-element elementor-element-0d8a0af e-con-full e-flex e-con e-child\" data-id=\"0d8a0af\" data-element_type=\"container\" data-e-type=\"container\">\n\t\t<div class=\"elementor-element elementor-element-0544890 e-con-full e-flex e-con e-child\" data-id=\"0544890\" data-element_type=\"container\" data-e-type=\"container\">\n\t\t\t\t<div class=\"elementor-element elementor-element-5679072 elementor-widget elementor-widget-text-editor\" data-id=\"5679072\" data-element_type=\"widget\" data-e-type=\"widget\" data-widget_type=\"text-editor.default\">\n\t\t\t\t<div class=\"elementor-widget-container\">\n\t\t\t\t\t\t\t\t\t<p>Ubicado estrat\u00e9gicamente a pocos kil\u00f3metros de una de las principales rutas de conexi\u00f3n europeas:<\/p><p>Autopista del Brennero, nuestra sede est\u00e1 dotada de una gran plaza estructurada para acoger diferentes tipos de medios de transporte y un aparcamiento reservado para los visitantes que garantizan la movilidad y la funcionalidad, haciendo posible un sistema log\u00edstico r\u00e1pido y eficaz para satisfacer las necesidades de nuestros clientes.<\/p><p>Gracias a nuestra eficiencia podemos ofrecer la mejor calidad a precios competitivos con la posibilidad de proponer un servicio personalizado por ejemplo aplicando un logotipo solicitado por el cliente.<\/p><p>Te invitamos a conocer nuestros productos y \u00faltimas novedades descubriendo nuestras principales gamas:<\/p><p>Para inducci\u00f3n profesional: placas de inducci\u00f3n de encimera y placas de inducci\u00f3n de encastre.<\/p><p>Para hornos microondas:<\/p><p>hornos microondas profesionales, hornos combinados, hornos el\u00e9ctricos de convecci\u00f3n, hornos de autoservicio y hornos para uso marino, estos \u00faltimos conformando una gama completa de modelos dise\u00f1ados espec\u00edficamente para un mercado no europeo.<\/p>\t\t\t\t\t\t\t\t<\/div>\n\t\t\t\t<\/div>\n\t\t\t\t<\/div>\n\t\t<div class=\"elementor-element elementor-element-6f090d8 e-con-full e-flex e-con e-child\" data-id=\"6f090d8\" data-element_type=\"container\" data-e-type=\"container\">\n\t\t<div class=\"elementor-element elementor-element-64a2241 e-con-full e-flex e-con e-child\" data-id=\"64a2241\" data-element_type=\"container\" data-e-type=\"container\">\n\t\t<div class=\"elementor-element elementor-element-397f1bd e-con-full e-flex e-con e-child\" data-id=\"397f1bd\" data-element_type=\"container\" data-e-type=\"container\">\n\t\t\t\t<div class=\"elementor-element elementor-element-615f247 elementor-widget__width-initial elementor-view-default elementor-position-block-start elementor-mobile-position-block-start elementor-widget elementor-widget-icon-box\" data-id=\"615f247\" data-element_type=\"widget\" data-e-type=\"widget\" data-widget_type=\"icon-box.default\">\n\t\t\t\t<div class=\"elementor-widget-container\">\n\t\t\t\t\t\t\t<div class=\"elementor-icon-box-wrapper\">\n\n\t\t\t\t\t\t<div class=\"elementor-icon-box-icon\">\n\t\t\t\t<span  class=\"elementor-icon\">\n\t\t\t\t<i aria-hidden=\"true\" class=\"icon icon-diamond\"><\/i>\t\t\t\t<\/span>\n\t\t\t<\/div>\n\t\t\t\n\t\t\t\t\t\t<div class=\"elementor-icon-box-content\">\n\n\t\t\t\t\t\t\t\t\t<h3 class=\"elementor-icon-box-title\">\n\t\t\t\t\t\t<span  >\n\t\t\t\t\t\t\tCalidad\t\t\t\t\t\t<\/span>\n\t\t\t\t\t<\/h3>\n\t\t\t\t\n\t\t\t\t\t\t\t\t\t<p class=\"elementor-icon-box-description\">\n\t\t\t\t\t\tEn Eurotec Riga, la calidad no es una opci\u00f3n, es un est\u00e1ndar. Cada uno de nuestros productos cumple con rigurosos controles, con certificaciones que garantizan la seguridad. \t\t\t\t\t<\/p>\n\t\t\t\t\n\t\t\t<\/div>\n\t\t\t\n\t\t<\/div>\n\t\t\t\t\t\t<\/div>\n\t\t\t\t<\/div>\n\t\t\t\t<div class=\"elementor-element elementor-element-9573979 elementor-widget__width-initial elementor-view-default elementor-position-block-start elementor-mobile-position-block-start elementor-widget elementor-widget-icon-box\" data-id=\"9573979\" data-element_type=\"widget\" data-e-type=\"widget\" data-widget_type=\"icon-box.default\">\n\t\t\t\t<div class=\"elementor-widget-container\">\n\t\t\t\t\t\t\t<div class=\"elementor-icon-box-wrapper\">\n\n\t\t\t\t\t\t<div class=\"elementor-icon-box-icon\">\n\t\t\t\t<span  class=\"elementor-icon\">\n\t\t\t\t<i aria-hidden=\"true\" class=\"icon icon-lock\"><\/i>\t\t\t\t<\/span>\n\t\t\t<\/div>\n\t\t\t\n\t\t\t\t\t\t<div class=\"elementor-icon-box-content\">\n\n\t\t\t\t\t\t\t\t\t<h3 class=\"elementor-icon-box-title\">\n\t\t\t\t\t\t<span  >\n\t\t\t\t\t\t\tFiabilidad\t\t\t\t\t\t<\/span>\n\t\t\t\t\t<\/h3>\n\t\t\t\t\n\t\t\t\t\t\t\t\t\t<p class=\"elementor-icon-box-description\">\n\t\t\t\t\t\tEurotec Riga es sin\u00f3nimo de solidez y consistencia. Llevamos a\u00f1os apoyando a nuestros clientes con soluciones t\u00e9cnicas seguras. \t\t\t\t\t<\/p>\n\t\t\t\t\n\t\t\t<\/div>\n\t\t\t\n\t\t<\/div>\n\t\t\t\t\t\t<\/div>\n\t\t\t\t<\/div>\n\t\t\t\t<\/div>\n\t\t<div class=\"elementor-element elementor-element-c42f3e6 e-con-full e-flex e-con e-child\" data-id=\"c42f3e6\" data-element_type=\"container\" data-e-type=\"container\">\n\t\t\t\t<div class=\"elementor-element elementor-element-7fd50c5 elementor-widget__width-initial elementor-view-default elementor-position-block-start elementor-mobile-position-block-start elementor-widget elementor-widget-icon-box\" data-id=\"7fd50c5\" data-element_type=\"widget\" data-e-type=\"widget\" data-widget_type=\"icon-box.default\">\n\t\t\t\t<div class=\"elementor-widget-container\">\n\t\t\t\t\t\t\t<div class=\"elementor-icon-box-wrapper\">\n\n\t\t\t\t\t\t<div class=\"elementor-icon-box-icon\">\n\t\t\t\t<span  class=\"elementor-icon\">\n\t\t\t\t<i aria-hidden=\"true\" class=\"icon icon-rocket\"><\/i>\t\t\t\t<\/span>\n\t\t\t<\/div>\n\t\t\t\n\t\t\t\t\t\t<div class=\"elementor-icon-box-content\">\n\n\t\t\t\t\t\t\t\t\t<h3 class=\"elementor-icon-box-title\">\n\t\t\t\t\t\t<span  >\n\t\t\t\t\t\t\tVelocidad\t\t\t\t\t\t<\/span>\n\t\t\t\t\t<\/h3>\n\t\t\t\t\n\t\t\t\t\t\t\t\t\t<p class=\"elementor-icon-box-description\">\n\t\t\t\t\t\tEn un mercado donde el tiempo es esencial, Eurotec Riga garantiza capacidad de respuesta y tiempos de entrega optimizados.\t\t\t\t\t<\/p>\n\t\t\t\t\n\t\t\t<\/div>\n\t\t\t\n\t\t<\/div>\n\t\t\t\t\t\t<\/div>\n\t\t\t\t<\/div>\n\t\t\t\t<div class=\"elementor-element elementor-element-2f39432 elementor-widget__width-initial elementor-view-default elementor-position-block-start elementor-mobile-position-block-start elementor-widget elementor-widget-icon-box\" data-id=\"2f39432\" data-element_type=\"widget\" data-e-type=\"widget\" data-widget_type=\"icon-box.default\">\n\t\t\t\t<div class=\"elementor-widget-container\">\n\t\t\t\t\t\t\t<div class=\"elementor-icon-box-wrapper\">\n\n\t\t\t\t\t\t<div class=\"elementor-icon-box-icon\">\n\t\t\t\t<span  class=\"elementor-icon\">\n\t\t\t\t<i aria-hidden=\"true\" class=\"icon icon-phone-handset\"><\/i>\t\t\t\t<\/span>\n\t\t\t<\/div>\n\t\t\t\n\t\t\t\t\t\t<div class=\"elementor-icon-box-content\">\n\n\t\t\t\t\t\t\t\t\t<h3 class=\"elementor-icon-box-title\">\n\t\t\t\t\t\t<span  >\n\t\t\t\t\t\t\tAsistencia y Servicio Postventa\t\t\t\t\t\t<\/span>\n\t\t\t\t\t<\/h3>\n\t\t\t\t\n\t\t\t\t\t\t\t\t\t<p class=\"elementor-icon-box-description\">\n\t\t\t\t\t\tLa relaci\u00f3n con el cliente no termina con la entrega: garantizamos una asistencia puntual y competente, apoyando a cada socio tambi\u00e9n a largo plazo.\t\t\t\t\t<\/p>\n\t\t\t\t\n\t\t\t<\/div>\n\t\t\t\n\t\t<\/div>\n\t\t\t\t\t\t<\/div>\n\t\t\t\t<\/div>\n\t\t\t\t<\/div>\n\t\t\t\t<\/div>\n\t\t\t\t<\/div>\n\t\t\t\t<\/div>\n\t\t\t\t\t<\/div>\n\t\t\t\t<\/div>\n\t\t<div class=\"elementor-element elementor-element-136d9a0 e-flex e-con-boxed e-con e-parent\" data-id=\"136d9a0\" data-element_type=\"container\" data-e-type=\"container\">\n\t\t\t\t\t<div class=\"e-con-inner\">\n\t\t<div class=\"elementor-element elementor-element-8f55437 e-con-full e-flex e-con e-child\" data-id=\"8f55437\" data-element_type=\"container\" data-e-type=\"container\" data-settings=\"{&quot;background_background&quot;:&quot;gradient&quot;}\">\n\t\t<div class=\"elementor-element elementor-element-baecfc4 e-con-full e-flex e-con e-child\" data-id=\"baecfc4\" data-element_type=\"container\" data-e-type=\"container\">\n\t\t\t\t<div class=\"elementor-element elementor-element-72ef878 elementor-widget elementor-widget-heading\" data-id=\"72ef878\" data-element_type=\"widget\" data-e-type=\"widget\" data-widget_type=\"heading.default\">\n\t\t\t\t<div class=\"elementor-widget-container\">\n\t\t\t\t\t<h2 class=\"elementor-heading-title elementor-size-default\">A\u00f1os en los que dominamos este sector<\/h2>\t\t\t\t<\/div>\n\t\t\t\t<\/div>\n\t\t\t\t<div class=\"elementor-element elementor-element-d970de2 elementor-widget__width-initial elementor-widget elementor-widget-text-editor\" data-id=\"d970de2\" data-element_type=\"widget\" data-e-type=\"widget\" data-widget_type=\"text-editor.default\">\n\t\t\t\t<div class=\"elementor-widget-container\">\n\t\t\t\t\t\t\t\t\t<p>Es con gran satisfacci\u00f3n que EUROTEC RIGA INTERNATIONAL celebra 50 <strong>a\u00f1os de investigaci\u00f3n y suministro de tecnolog\u00edas innovadoras para la restauraci\u00f3n profesional.<\/strong><\/p>\t\t\t\t\t\t\t\t<\/div>\n\t\t\t\t<\/div>\n\t\t\t\t<\/div>\n\t\t<div class=\"elementor-element elementor-element-cded30b e-con-full e-flex e-con e-child\" data-id=\"cded30b\" data-element_type=\"container\" data-e-type=\"container\" data-settings=\"{&quot;background_background&quot;:&quot;classic&quot;,&quot;position&quot;:&quot;absolute&quot;}\">\n\t\t\t\t<div class=\"elementor-element elementor-element-4796804 elementor-widget elementor-widget-image\" data-id=\"4796804\" data-element_type=\"widget\" data-e-type=\"widget\" data-widget_type=\"image.default\">\n\t\t\t\t<div class=\"elementor-widget-container\">\n\t\t\t\t\t\t\t\t\t\t\t\t\t\t\t<img fetchpriority=\"high\" decoding=\"async\" width=\"1080\" height=\"1080\" src=\"https:\/\/www.eurotecriga.com\/wp-content\/uploads\/2025\/09\/50-anni-di-esperienza-1.png\" class=\"elementor-animation-grow attachment-full size-full wp-image-5359\" alt=\"50-anni-di-esperienza-1\" srcset=\"https:\/\/www.eurotecriga.com\/wp-content\/uploads\/2025\/09\/50-anni-di-esperienza-1.png 1080w, https:\/\/www.eurotecriga.com\/wp-content\/uploads\/2025\/09\/50-anni-di-esperienza-1-300x300.png 300w, https:\/\/www.eurotecriga.com\/wp-content\/uploads\/2025\/09\/50-anni-di-esperienza-1-1024x1024.png 1024w, https:\/\/www.eurotecriga.com\/wp-content\/uploads\/2025\/09\/50-anni-di-esperienza-1-150x150.png 150w, https:\/\/www.eurotecriga.com\/wp-content\/uploads\/2025\/09\/50-anni-di-esperienza-1-768x768.png 768w\" sizes=\"(max-width: 1080px) 100vw, 1080px\" \/>\t\t\t\t\t\t\t\t\t\t\t\t\t\t\t<\/div>\n\t\t\t\t<\/div>\n\t\t\t\t<div class=\"elementor-element elementor-element-975812b elementor-widget__width-initial elementor-absolute elementor-widget elementor-widget-spacer\" data-id=\"975812b\" data-element_type=\"widget\" data-e-type=\"widget\" data-settings=\"{&quot;_position&quot;:&quot;absolute&quot;}\" data-widget_type=\"spacer.default\">\n\t\t\t\t<div class=\"elementor-widget-container\">\n\t\t\t\t\t\t\t<div class=\"elementor-spacer\">\n\t\t\t<div class=\"elementor-spacer-inner\"><\/div>\n\t\t<\/div>\n\t\t\t\t\t\t<\/div>\n\t\t\t\t<\/div>\n\t\t\t\t<div class=\"elementor-element elementor-element-6b4d312 elementor-widget__width-initial elementor-absolute elementor-widget elementor-widget-spacer\" data-id=\"6b4d312\" data-element_type=\"widget\" data-e-type=\"widget\" data-settings=\"{&quot;_position&quot;:&quot;absolute&quot;}\" data-widget_type=\"spacer.default\">\n\t\t\t\t<div class=\"elementor-widget-container\">\n\t\t\t\t\t\t\t<div class=\"elementor-spacer\">\n\t\t\t<div class=\"elementor-spacer-inner\"><\/div>\n\t\t<\/div>\n\t\t\t\t\t\t<\/div>\n\t\t\t\t<\/div>\n\t\t\t\t<\/div>\n\t\t\t\t<\/div>\n\t\t\t\t\t<\/div>\n\t\t\t\t<\/div>\n\t\t\t\t<\/div>\n\t\t","protected":false},"excerpt":{"rendered":"<p>Agencia Eurotec Riga Ubicado estrat\u00e9gicamente a pocos kil\u00f3metros de una de las principales rutas de conexi\u00f3n europeas: Autopista del Brennero, nuestra sede est\u00e1 dotada de una gran plaza estructurada para acoger diferentes tipos de medios de transporte y un aparcamiento reservado para los visitantes que garantizan la movilidad y la funcionalidad, haciendo posible un sistema [&hellip;]<\/p>\n","protected":false},"author":1,"featured_media":0,"parent":0,"menu_order":0,"comment_status":"closed","ping_status":"closed","template":"","meta":{"footnotes":""},"class_list":["post-2724","page","type-page","status-publish","hentry"],"yoast_head":"<!-- This site is optimized with the Yoast SEO plugin v26.5 - https:\/\/yoast.com\/wordpress\/plugins\/seo\/ -->\n<title>Equipos de Cocina Profesional: Hornos e Inducci\u00f3n<\/title>\n<meta name=\"description\" content=\"Hornos microondas de alto rendimiento, placas de inducci\u00f3n de alta potencia y hornos marinos profesionales \u2014 energ\u00eda, potencia y fiabilidad para cocinas exigentes.\" \/>\n<meta name=\"robots\" content=\"index, follow, max-snippet:-1, max-image-preview:large, max-video-preview:-1\" \/>\n<link rel=\"canonical\" href=\"https:\/\/www.eurotecriga.com\/es\/sobre-nosotros\/\" \/>\n<meta property=\"og:locale\" content=\"es_ES\" \/>\n<meta property=\"og:type\" content=\"article\" \/>\n<meta property=\"og:title\" content=\"Equipos de Cocina Profesional: Hornos e Inducci\u00f3n\" \/>\n<meta property=\"og:description\" content=\"Hornos microondas de alto rendimiento, placas de inducci\u00f3n de alta potencia y hornos marinos profesionales \u2014 energ\u00eda, potencia y fiabilidad para cocinas exigentes.\" \/>\n<meta property=\"og:url\" content=\"https:\/\/www.eurotecriga.com\/es\/sobre-nosotros\/\" \/>\n<meta property=\"og:site_name\" content=\"Eurotec Riga\" \/>\n<meta property=\"article:modified_time\" content=\"2025-12-05T12:25:55+00:00\" \/>\n<meta property=\"og:image\" content=\"https:\/\/www.eurotecriga.com\/wp-content\/uploads\/2025\/09\/50-anni-di-esperienza-1.png\" \/>\n<meta name=\"twitter:card\" content=\"summary_large_image\" \/>\n<meta name=\"twitter:label1\" content=\"Tiempo de lectura\" \/>\n\t<meta name=\"twitter:data1\" content=\"2 minutos\" \/>\n<script type=\"application\/ld+json\" class=\"yoast-schema-graph\">{\"@context\":\"https:\/\/schema.org\",\"@graph\":[{\"@type\":\"WebPage\",\"@id\":\"https:\/\/www.eurotecriga.com\/es\/sobre-nosotros\/\",\"url\":\"https:\/\/www.eurotecriga.com\/es\/sobre-nosotros\/\",\"name\":\"Equipos de Cocina Profesional: Hornos e Inducci\u00f3n\",\"isPartOf\":{\"@id\":\"https:\/\/www.eurotecriga.com\/#website\"},\"primaryImageOfPage\":{\"@id\":\"https:\/\/www.eurotecriga.com\/es\/sobre-nosotros\/#primaryimage\"},\"image\":{\"@id\":\"https:\/\/www.eurotecriga.com\/es\/sobre-nosotros\/#primaryimage\"},\"thumbnailUrl\":\"https:\/\/www.eurotecriga.com\/wp-content\/uploads\/2025\/09\/50-anni-di-esperienza-1.png\",\"datePublished\":\"2024-02-29T08:46:45+00:00\",\"dateModified\":\"2025-12-05T12:25:55+00:00\",\"description\":\"Hornos microondas de alto rendimiento, placas de inducci\u00f3n de alta potencia y hornos marinos profesionales \u2014 energ\u00eda, potencia y fiabilidad para cocinas exigentes.\",\"breadcrumb\":{\"@id\":\"https:\/\/www.eurotecriga.com\/es\/sobre-nosotros\/#breadcrumb\"},\"inLanguage\":\"es\",\"potentialAction\":[{\"@type\":\"ReadAction\",\"target\":[\"https:\/\/www.eurotecriga.com\/es\/sobre-nosotros\/\"]}]},{\"@type\":\"ImageObject\",\"inLanguage\":\"es\",\"@id\":\"https:\/\/www.eurotecriga.com\/es\/sobre-nosotros\/#primaryimage\",\"url\":\"https:\/\/www.eurotecriga.com\/wp-content\/uploads\/2025\/09\/50-anni-di-esperienza-1.png\",\"contentUrl\":\"https:\/\/www.eurotecriga.com\/wp-content\/uploads\/2025\/09\/50-anni-di-esperienza-1.png\"},{\"@type\":\"BreadcrumbList\",\"@id\":\"https:\/\/www.eurotecriga.com\/es\/sobre-nosotros\/#breadcrumb\",\"itemListElement\":[{\"@type\":\"ListItem\",\"position\":1,\"name\":\"Home\",\"item\":\"https:\/\/www.eurotecriga.com\/es\/\"},{\"@type\":\"ListItem\",\"position\":2,\"name\":\"Sobre nosotros\"}]},{\"@type\":\"WebSite\",\"@id\":\"https:\/\/www.eurotecriga.com\/#website\",\"url\":\"https:\/\/www.eurotecriga.com\/\",\"name\":\"Eurotec Riga\",\"description\":\"Eurotec Riga\",\"publisher\":{\"@id\":\"https:\/\/www.eurotecriga.com\/#organization\"},\"potentialAction\":[{\"@type\":\"SearchAction\",\"target\":{\"@type\":\"EntryPoint\",\"urlTemplate\":\"https:\/\/www.eurotecriga.com\/?s={search_term_string}\"},\"query-input\":{\"@type\":\"PropertyValueSpecification\",\"valueRequired\":true,\"valueName\":\"search_term_string\"}}],\"inLanguage\":\"es\"},{\"@type\":\"Organization\",\"@id\":\"https:\/\/www.eurotecriga.com\/#organization\",\"name\":\"Eurotec Riga\",\"url\":\"https:\/\/www.eurotecriga.com\/\",\"logo\":{\"@type\":\"ImageObject\",\"inLanguage\":\"es\",\"@id\":\"https:\/\/www.eurotecriga.com\/#\/schema\/logo\/image\/\",\"url\":\"https:\/\/www.eurotecriga.com\/wp-content\/uploads\/2024\/02\/50-anni-di-esperienza-2-e1758613634850.png\",\"contentUrl\":\"https:\/\/www.eurotecriga.com\/wp-content\/uploads\/2024\/02\/50-anni-di-esperienza-2-e1758613634850.png\",\"width\":1080,\"height\":292,\"caption\":\"Eurotec Riga\"},\"image\":{\"@id\":\"https:\/\/www.eurotecriga.com\/#\/schema\/logo\/image\/\"}}]}<\/script>\n<!-- \/ Yoast SEO plugin. -->","yoast_head_json":{"title":"Equipos de Cocina Profesional: Hornos e Inducci\u00f3n","description":"Hornos microondas de alto rendimiento, placas de inducci\u00f3n de alta potencia y hornos marinos profesionales \u2014 energ\u00eda, potencia y fiabilidad para cocinas exigentes.","robots":{"index":"index","follow":"follow","max-snippet":"max-snippet:-1","max-image-preview":"max-image-preview:large","max-video-preview":"max-video-preview:-1"},"canonical":"https:\/\/www.eurotecriga.com\/es\/sobre-nosotros\/","og_locale":"es_ES","og_type":"article","og_title":"Equipos de Cocina Profesional: Hornos e Inducci\u00f3n","og_description":"Hornos microondas de alto rendimiento, placas de inducci\u00f3n de alta potencia y hornos marinos profesionales \u2014 energ\u00eda, potencia y fiabilidad para cocinas exigentes.","og_url":"https:\/\/www.eurotecriga.com\/es\/sobre-nosotros\/","og_site_name":"Eurotec Riga","article_modified_time":"2025-12-05T12:25:55+00:00","og_image":[{"url":"https:\/\/www.eurotecriga.com\/wp-content\/uploads\/2025\/09\/50-anni-di-esperienza-1.png","type":"","width":"","height":""}],"twitter_card":"summary_large_image","twitter_misc":{"Tiempo de lectura":"2 minutos"},"schema":{"@context":"https:\/\/schema.org","@graph":[{"@type":"WebPage","@id":"https:\/\/www.eurotecriga.com\/es\/sobre-nosotros\/","url":"https:\/\/www.eurotecriga.com\/es\/sobre-nosotros\/","name":"Equipos de Cocina Profesional: Hornos e Inducci\u00f3n","isPartOf":{"@id":"https:\/\/www.eurotecriga.com\/#website"},"primaryImageOfPage":{"@id":"https:\/\/www.eurotecriga.com\/es\/sobre-nosotros\/#primaryimage"},"image":{"@id":"https:\/\/www.eurotecriga.com\/es\/sobre-nosotros\/#primaryimage"},"thumbnailUrl":"https:\/\/www.eurotecriga.com\/wp-content\/uploads\/2025\/09\/50-anni-di-esperienza-1.png","datePublished":"2024-02-29T08:46:45+00:00","dateModified":"2025-12-05T12:25:55+00:00","description":"Hornos microondas de alto rendimiento, placas de inducci\u00f3n de alta potencia y hornos marinos profesionales \u2014 energ\u00eda, potencia y fiabilidad para cocinas exigentes.","breadcrumb":{"@id":"https:\/\/www.eurotecriga.com\/es\/sobre-nosotros\/#breadcrumb"},"inLanguage":"es","potentialAction":[{"@type":"ReadAction","target":["https:\/\/www.eurotecriga.com\/es\/sobre-nosotros\/"]}]},{"@type":"ImageObject","inLanguage":"es","@id":"https:\/\/www.eurotecriga.com\/es\/sobre-nosotros\/#primaryimage","url":"https:\/\/www.eurotecriga.com\/wp-content\/uploads\/2025\/09\/50-anni-di-esperienza-1.png","contentUrl":"https:\/\/www.eurotecriga.com\/wp-content\/uploads\/2025\/09\/50-anni-di-esperienza-1.png"},{"@type":"BreadcrumbList","@id":"https:\/\/www.eurotecriga.com\/es\/sobre-nosotros\/#breadcrumb","itemListElement":[{"@type":"ListItem","position":1,"name":"Home","item":"https:\/\/www.eurotecriga.com\/es\/"},{"@type":"ListItem","position":2,"name":"Sobre nosotros"}]},{"@type":"WebSite","@id":"https:\/\/www.eurotecriga.com\/#website","url":"https:\/\/www.eurotecriga.com\/","name":"Eurotec Riga","description":"Eurotec Riga","publisher":{"@id":"https:\/\/www.eurotecriga.com\/#organization"},"potentialAction":[{"@type":"SearchAction","target":{"@type":"EntryPoint","urlTemplate":"https:\/\/www.eurotecriga.com\/?s={search_term_string}"},"query-input":{"@type":"PropertyValueSpecification","valueRequired":true,"valueName":"search_term_string"}}],"inLanguage":"es"},{"@type":"Organization","@id":"https:\/\/www.eurotecriga.com\/#organization","name":"Eurotec Riga","url":"https:\/\/www.eurotecriga.com\/","logo":{"@type":"ImageObject","inLanguage":"es","@id":"https:\/\/www.eurotecriga.com\/#\/schema\/logo\/image\/","url":"https:\/\/www.eurotecriga.com\/wp-content\/uploads\/2024\/02\/50-anni-di-esperienza-2-e1758613634850.png","contentUrl":"https:\/\/www.eurotecriga.com\/wp-content\/uploads\/2024\/02\/50-anni-di-esperienza-2-e1758613634850.png","width":1080,"height":292,"caption":"Eurotec Riga"},"image":{"@id":"https:\/\/www.eurotecriga.com\/#\/schema\/logo\/image\/"}}]}},"_links":{"self":[{"href":"https:\/\/www.eurotecriga.com\/es\/wp-json\/wp\/v2\/pages\/2724","targetHints":{"allow":["GET"]}}],"collection":[{"href":"https:\/\/www.eurotecriga.com\/es\/wp-json\/wp\/v2\/pages"}],"about":[{"href":"https:\/\/www.eurotecriga.com\/es\/wp-json\/wp\/v2\/types\/page"}],"author":[{"embeddable":true,"href":"https:\/\/www.eurotecriga.com\/es\/wp-json\/wp\/v2\/users\/1"}],"replies":[{"embeddable":true,"href":"https:\/\/www.eurotecriga.com\/es\/wp-json\/wp\/v2\/comments?post=2724"}],"version-history":[{"count":2,"href":"https:\/\/www.eurotecriga.com\/es\/wp-json\/wp\/v2\/pages\/2724\/revisions"}],"predecessor-version":[{"id":5396,"href":"https:\/\/www.eurotecriga.com\/es\/wp-json\/wp\/v2\/pages\/2724\/revisions\/5396"}],"wp:attachment":[{"href":"https:\/\/www.eurotecriga.com\/es\/wp-json\/wp\/v2\/media?parent=2724"}],"curies":[{"name":"wp","href":"https:\/\/api.w.org\/{rel}","templated":true}]}}