{"id":2712,"date":"2024-02-29T10:46:45","date_gmt":"2024-02-29T08:46:45","guid":{"rendered":"https:\/\/166131.web.zcom.it\/qui-nous-sommes\/"},"modified":"2025-12-05T14:22:54","modified_gmt":"2025-12-05T12:22:54","slug":"qui-nous-sommes","status":"publish","type":"page","link":"https:\/\/www.eurotecriga.com\/fr\/qui-nous-sommes\/","title":{"rendered":"Qui nous sommes"},"content":{"rendered":"\t\t<div data-elementor-type=\"wp-page\" data-elementor-id=\"2712\" class=\"elementor elementor-2712 elementor-34\" data-elementor-post-type=\"page\">\n\t\t\t\t<div class=\"elementor-element elementor-element-5f56331 e-flex e-con-boxed e-con e-parent\" data-id=\"5f56331\" data-element_type=\"container\" data-e-type=\"container\">\n\t\t\t\t\t<div class=\"e-con-inner\">\n\t\t<div class=\"elementor-element elementor-element-86ff8bc e-con-full e-flex e-con e-child\" data-id=\"86ff8bc\" data-element_type=\"container\" data-e-type=\"container\">\n\t\t<div class=\"elementor-element elementor-element-fe72c98 e-con-full e-flex e-con e-child\" data-id=\"fe72c98\" data-element_type=\"container\" data-e-type=\"container\" data-settings=\"{&quot;background_background&quot;:&quot;classic&quot;}\">\n\t\t\t\t<div class=\"elementor-element elementor-element-7eac86c elementor-widget elementor-widget-heading\" data-id=\"7eac86c\" data-element_type=\"widget\" data-e-type=\"widget\" data-widget_type=\"heading.default\">\n\t\t\t\t<div class=\"elementor-widget-container\">\n\t\t\t\t\t<h2 class=\"elementor-heading-title elementor-size-default\">Agence<\/h2>\t\t\t\t<\/div>\n\t\t\t\t<\/div>\n\t\t\t\t<div class=\"elementor-element elementor-element-371180c elementor-widget elementor-widget-heading\" data-id=\"371180c\" data-element_type=\"widget\" data-e-type=\"widget\" data-widget_type=\"heading.default\">\n\t\t\t\t<div class=\"elementor-widget-container\">\n\t\t\t\t\t<h2 class=\"elementor-heading-title elementor-size-default\">Eurotec Riga<\/h2>\t\t\t\t<\/div>\n\t\t\t\t<\/div>\n\t\t\t\t<\/div>\n\t\t<div class=\"elementor-element elementor-element-e4bc41c e-con-full e-flex e-con e-child\" data-id=\"e4bc41c\" data-element_type=\"container\" data-e-type=\"container\" data-settings=\"{&quot;background_background&quot;:&quot;classic&quot;}\">\n\t\t\t\t<\/div>\n\t\t\t\t<\/div>\n\t\t<div class=\"elementor-element elementor-element-0d8a0af e-con-full e-flex e-con e-child\" data-id=\"0d8a0af\" data-element_type=\"container\" data-e-type=\"container\">\n\t\t<div class=\"elementor-element elementor-element-0544890 e-con-full e-flex e-con e-child\" data-id=\"0544890\" data-element_type=\"container\" data-e-type=\"container\">\n\t\t\t\t<div class=\"elementor-element elementor-element-5679072 elementor-widget elementor-widget-text-editor\" data-id=\"5679072\" data-element_type=\"widget\" data-e-type=\"widget\" data-widget_type=\"text-editor.default\">\n\t\t\t\t<div class=\"elementor-widget-container\">\n\t\t\t\t\t\t\t\t\t<p>Strat\u00e9giquement situ\u00e9 \u00e0 quelques kilom\u00e8tres de l&#8217;une des principales voies de communication europ\u00e9ennes :<\/p><p>l&#8217;autoroute du Brenner, notre si\u00e8ge est dot\u00e9 d&#8217;une grande place structur\u00e9e pour accueillir diff\u00e9rents types de moyens de transport et d&#8217;un parking r\u00e9serv\u00e9 aux visiteurs qui garantissent mobilit\u00e9 et fonctionnalit\u00e9, rendant possible un syst\u00e8me logistique rapide et efficace pour r\u00e9pondre aux besoins de nos clients.<\/p><p>Gr\u00e2ce \u00e0 notre efficacit\u00e9, nous pouvons offrir la meilleure qualit\u00e9 \u00e0 des tarifs comp\u00e9titifs avec la possibilit\u00e9 de proposer un service personnalis\u00e9 par exemple en appliquant un logo demand\u00e9 par le client.<\/p><p>Nous vous invitons \u00e0 d\u00e9couvrir nos produits et nos derni\u00e8res actualit\u00e9s en d\u00e9couvrant nos principales gammes :<\/p><p>Pour l&#8217;induction professionnelle : plaques \u00e0 induction de comptoir et plaques \u00e0 induction encastrables.<\/p><p>Pour les fours \u00e0 micro-ondes :<\/p><p>fours \u00e0 micro-ondes professionnels, fours combin\u00e9s, fours \u00e9lectriques \u00e0 convection, fours libre-service et fours \u00e0 usage marin, ces derniers constituant une gamme compl\u00e8te de mod\u00e8les sp\u00e9cifiquement con\u00e7us pour un march\u00e9 non europ\u00e9en.<\/p>\t\t\t\t\t\t\t\t<\/div>\n\t\t\t\t<\/div>\n\t\t\t\t<\/div>\n\t\t<div class=\"elementor-element elementor-element-6f090d8 e-con-full e-flex e-con e-child\" data-id=\"6f090d8\" data-element_type=\"container\" data-e-type=\"container\">\n\t\t<div class=\"elementor-element elementor-element-64a2241 e-con-full e-flex e-con e-child\" data-id=\"64a2241\" data-element_type=\"container\" data-e-type=\"container\">\n\t\t<div class=\"elementor-element elementor-element-397f1bd e-con-full e-flex e-con e-child\" data-id=\"397f1bd\" data-element_type=\"container\" data-e-type=\"container\">\n\t\t\t\t<div class=\"elementor-element elementor-element-615f247 elementor-widget__width-initial elementor-view-default elementor-position-block-start elementor-mobile-position-block-start elementor-widget elementor-widget-icon-box\" data-id=\"615f247\" data-element_type=\"widget\" data-e-type=\"widget\" data-widget_type=\"icon-box.default\">\n\t\t\t\t<div class=\"elementor-widget-container\">\n\t\t\t\t\t\t\t<div class=\"elementor-icon-box-wrapper\">\n\n\t\t\t\t\t\t<div class=\"elementor-icon-box-icon\">\n\t\t\t\t<span  class=\"elementor-icon\">\n\t\t\t\t<i aria-hidden=\"true\" class=\"icon icon-diamond\"><\/i>\t\t\t\t<\/span>\n\t\t\t<\/div>\n\t\t\t\n\t\t\t\t\t\t<div class=\"elementor-icon-box-content\">\n\n\t\t\t\t\t\t\t\t\t<h3 class=\"elementor-icon-box-title\">\n\t\t\t\t\t\t<span  >\n\t\t\t\t\t\t\tQualit\u00e9\t\t\t\t\t\t<\/span>\n\t\t\t\t\t<\/h3>\n\t\t\t\t\n\t\t\t\t\t\t\t\t\t<p class=\"elementor-icon-box-description\">\n\t\t\t\t\t\tChez Eurotec Riga, la qualit\u00e9 n\u2019est pas une option, c\u2019est une norme. Chacun de nos produits est conforme \u00e0 des contr\u00f4les rigoureux, avec des certifications qui garantissent la s\u00e9curit\u00e9 \t\t\t\t\t<\/p>\n\t\t\t\t\n\t\t\t<\/div>\n\t\t\t\n\t\t<\/div>\n\t\t\t\t\t\t<\/div>\n\t\t\t\t<\/div>\n\t\t\t\t<div class=\"elementor-element elementor-element-9573979 elementor-widget__width-initial elementor-view-default elementor-position-block-start elementor-mobile-position-block-start elementor-widget elementor-widget-icon-box\" data-id=\"9573979\" data-element_type=\"widget\" data-e-type=\"widget\" data-widget_type=\"icon-box.default\">\n\t\t\t\t<div class=\"elementor-widget-container\">\n\t\t\t\t\t\t\t<div class=\"elementor-icon-box-wrapper\">\n\n\t\t\t\t\t\t<div class=\"elementor-icon-box-icon\">\n\t\t\t\t<span  class=\"elementor-icon\">\n\t\t\t\t<i aria-hidden=\"true\" class=\"icon icon-lock\"><\/i>\t\t\t\t<\/span>\n\t\t\t<\/div>\n\t\t\t\n\t\t\t\t\t\t<div class=\"elementor-icon-box-content\">\n\n\t\t\t\t\t\t\t\t\t<h3 class=\"elementor-icon-box-title\">\n\t\t\t\t\t\t<span  >\n\t\t\t\t\t\t\tFiabilit\u00e9\t\t\t\t\t\t<\/span>\n\t\t\t\t\t<\/h3>\n\t\t\t\t\n\t\t\t\t\t\t\t\t\t<p class=\"elementor-icon-box-description\">\n\t\t\t\t\t\tEurotec Riga est synonyme de solidit\u00e9 et de coh\u00e9rence. Depuis des ann\u00e9es, nous accompagnons nos clients avec des solutions techniques s\u00fbres \t\t\t\t\t<\/p>\n\t\t\t\t\n\t\t\t<\/div>\n\t\t\t\n\t\t<\/div>\n\t\t\t\t\t\t<\/div>\n\t\t\t\t<\/div>\n\t\t\t\t<\/div>\n\t\t<div class=\"elementor-element elementor-element-c42f3e6 e-con-full e-flex e-con e-child\" data-id=\"c42f3e6\" data-element_type=\"container\" data-e-type=\"container\">\n\t\t\t\t<div class=\"elementor-element elementor-element-7fd50c5 elementor-widget__width-initial elementor-view-default elementor-position-block-start elementor-mobile-position-block-start elementor-widget elementor-widget-icon-box\" data-id=\"7fd50c5\" data-element_type=\"widget\" data-e-type=\"widget\" data-widget_type=\"icon-box.default\">\n\t\t\t\t<div class=\"elementor-widget-container\">\n\t\t\t\t\t\t\t<div class=\"elementor-icon-box-wrapper\">\n\n\t\t\t\t\t\t<div class=\"elementor-icon-box-icon\">\n\t\t\t\t<span  class=\"elementor-icon\">\n\t\t\t\t<i aria-hidden=\"true\" class=\"icon icon-rocket\"><\/i>\t\t\t\t<\/span>\n\t\t\t<\/div>\n\t\t\t\n\t\t\t\t\t\t<div class=\"elementor-icon-box-content\">\n\n\t\t\t\t\t\t\t\t\t<h3 class=\"elementor-icon-box-title\">\n\t\t\t\t\t\t<span  >\n\t\t\t\t\t\t\tVitesse\t\t\t\t\t\t<\/span>\n\t\t\t\t\t<\/h3>\n\t\t\t\t\n\t\t\t\t\t\t\t\t\t<p class=\"elementor-icon-box-description\">\n\t\t\t\t\t\tDans un march\u00e9 o\u00f9 le temps est essentiel, Eurotec Riga garantit r\u00e9activit\u00e9 et d\u00e9lais de livraison optimis\u00e9s\t\t\t\t\t<\/p>\n\t\t\t\t\n\t\t\t<\/div>\n\t\t\t\n\t\t<\/div>\n\t\t\t\t\t\t<\/div>\n\t\t\t\t<\/div>\n\t\t\t\t<div class=\"elementor-element elementor-element-2f39432 elementor-widget__width-initial elementor-view-default elementor-position-block-start elementor-mobile-position-block-start elementor-widget elementor-widget-icon-box\" data-id=\"2f39432\" data-element_type=\"widget\" data-e-type=\"widget\" data-widget_type=\"icon-box.default\">\n\t\t\t\t<div class=\"elementor-widget-container\">\n\t\t\t\t\t\t\t<div class=\"elementor-icon-box-wrapper\">\n\n\t\t\t\t\t\t<div class=\"elementor-icon-box-icon\">\n\t\t\t\t<span  class=\"elementor-icon\">\n\t\t\t\t<i aria-hidden=\"true\" class=\"icon icon-phone-handset\"><\/i>\t\t\t\t<\/span>\n\t\t\t<\/div>\n\t\t\t\n\t\t\t\t\t\t<div class=\"elementor-icon-box-content\">\n\n\t\t\t\t\t\t\t\t\t<h3 class=\"elementor-icon-box-title\">\n\t\t\t\t\t\t<span  >\n\t\t\t\t\t\t\tAssistance et service apr\u00e8s-vente\t\t\t\t\t\t<\/span>\n\t\t\t\t\t<\/h3>\n\t\t\t\t\n\t\t\t\t\t\t\t\t\t<p class=\"elementor-icon-box-description\">\n\t\t\t\t\t\tLa relation avec le client ne s'arr\u00eate pas \u00e0 la livraison : nous garantissons une assistance ponctuelle et comp\u00e9tente, en accompagnant chaque partenaire \u00e9galement sur le long terme\t\t\t\t\t<\/p>\n\t\t\t\t\n\t\t\t<\/div>\n\t\t\t\n\t\t<\/div>\n\t\t\t\t\t\t<\/div>\n\t\t\t\t<\/div>\n\t\t\t\t<\/div>\n\t\t\t\t<\/div>\n\t\t\t\t<\/div>\n\t\t\t\t<\/div>\n\t\t\t\t\t<\/div>\n\t\t\t\t<\/div>\n\t\t<div class=\"elementor-element elementor-element-136d9a0 e-flex e-con-boxed e-con e-parent\" data-id=\"136d9a0\" data-element_type=\"container\" data-e-type=\"container\">\n\t\t\t\t\t<div class=\"e-con-inner\">\n\t\t<div class=\"elementor-element elementor-element-8f55437 e-con-full e-flex e-con e-child\" data-id=\"8f55437\" data-element_type=\"container\" data-e-type=\"container\" data-settings=\"{&quot;background_background&quot;:&quot;gradient&quot;}\">\n\t\t<div class=\"elementor-element elementor-element-baecfc4 e-con-full e-flex e-con e-child\" data-id=\"baecfc4\" data-element_type=\"container\" data-e-type=\"container\">\n\t\t\t\t<div class=\"elementor-element elementor-element-72ef878 elementor-widget elementor-widget-heading\" data-id=\"72ef878\" data-element_type=\"widget\" data-e-type=\"widget\" data-widget_type=\"heading.default\">\n\t\t\t\t<div class=\"elementor-widget-container\">\n\t\t\t\t\t<h2 class=\"elementor-heading-title elementor-size-default\">Des ann\u00e9es de domination dans ce secteur<\/h2>\t\t\t\t<\/div>\n\t\t\t\t<\/div>\n\t\t\t\t<div class=\"elementor-element elementor-element-d970de2 elementor-widget__width-initial elementor-widget elementor-widget-text-editor\" data-id=\"d970de2\" data-element_type=\"widget\" data-e-type=\"widget\" data-widget_type=\"text-editor.default\">\n\t\t\t\t<div class=\"elementor-widget-container\">\n\t\t\t\t\t\t\t\t\t<p>C&#8217;est avec une grande satisfaction qu&#8217;EUROTEC RIGA INTERNATIONAL c\u00e9l\u00e8bre 50 <strong>ans de recherche et de fourniture de technologies innovantes pour la restauration professionnelle.<\/strong><\/p>\t\t\t\t\t\t\t\t<\/div>\n\t\t\t\t<\/div>\n\t\t\t\t<\/div>\n\t\t<div class=\"elementor-element elementor-element-cded30b e-con-full e-flex e-con e-child\" data-id=\"cded30b\" data-element_type=\"container\" data-e-type=\"container\" data-settings=\"{&quot;background_background&quot;:&quot;classic&quot;,&quot;position&quot;:&quot;absolute&quot;}\">\n\t\t\t\t<div class=\"elementor-element elementor-element-4796804 elementor-widget elementor-widget-image\" data-id=\"4796804\" data-element_type=\"widget\" data-e-type=\"widget\" data-widget_type=\"image.default\">\n\t\t\t\t<div class=\"elementor-widget-container\">\n\t\t\t\t\t\t\t\t\t\t\t\t\t\t\t<img fetchpriority=\"high\" decoding=\"async\" width=\"1080\" height=\"1080\" src=\"https:\/\/www.eurotecriga.com\/wp-content\/uploads\/2025\/09\/50-anni-di-esperienza-1.png\" class=\"elementor-animation-grow attachment-full size-full wp-image-5357\" alt=\"50-anni-di-esperienza-1\" srcset=\"https:\/\/www.eurotecriga.com\/wp-content\/uploads\/2025\/09\/50-anni-di-esperienza-1.png 1080w, https:\/\/www.eurotecriga.com\/wp-content\/uploads\/2025\/09\/50-anni-di-esperienza-1-300x300.png 300w, https:\/\/www.eurotecriga.com\/wp-content\/uploads\/2025\/09\/50-anni-di-esperienza-1-1024x1024.png 1024w, https:\/\/www.eurotecriga.com\/wp-content\/uploads\/2025\/09\/50-anni-di-esperienza-1-150x150.png 150w, https:\/\/www.eurotecriga.com\/wp-content\/uploads\/2025\/09\/50-anni-di-esperienza-1-768x768.png 768w\" sizes=\"(max-width: 1080px) 100vw, 1080px\" \/>\t\t\t\t\t\t\t\t\t\t\t\t\t\t\t<\/div>\n\t\t\t\t<\/div>\n\t\t\t\t<div class=\"elementor-element elementor-element-975812b elementor-widget__width-initial elementor-absolute elementor-widget elementor-widget-spacer\" data-id=\"975812b\" data-element_type=\"widget\" data-e-type=\"widget\" data-settings=\"{&quot;_position&quot;:&quot;absolute&quot;}\" data-widget_type=\"spacer.default\">\n\t\t\t\t<div class=\"elementor-widget-container\">\n\t\t\t\t\t\t\t<div class=\"elementor-spacer\">\n\t\t\t<div class=\"elementor-spacer-inner\"><\/div>\n\t\t<\/div>\n\t\t\t\t\t\t<\/div>\n\t\t\t\t<\/div>\n\t\t\t\t<div class=\"elementor-element elementor-element-6b4d312 elementor-widget__width-initial elementor-absolute elementor-widget elementor-widget-spacer\" data-id=\"6b4d312\" data-element_type=\"widget\" data-e-type=\"widget\" data-settings=\"{&quot;_position&quot;:&quot;absolute&quot;}\" data-widget_type=\"spacer.default\">\n\t\t\t\t<div class=\"elementor-widget-container\">\n\t\t\t\t\t\t\t<div class=\"elementor-spacer\">\n\t\t\t<div class=\"elementor-spacer-inner\"><\/div>\n\t\t<\/div>\n\t\t\t\t\t\t<\/div>\n\t\t\t\t<\/div>\n\t\t\t\t<\/div>\n\t\t\t\t<\/div>\n\t\t\t\t\t<\/div>\n\t\t\t\t<\/div>\n\t\t\t\t<\/div>\n\t\t","protected":false},"excerpt":{"rendered":"<p>Agence Eurotec Riga Strat\u00e9giquement situ\u00e9 \u00e0 quelques kilom\u00e8tres de l&#8217;une des principales voies de communication europ\u00e9ennes : l&#8217;autoroute du Brenner, notre si\u00e8ge est dot\u00e9 d&#8217;une grande place structur\u00e9e pour accueillir diff\u00e9rents types de moyens de transport et d&#8217;un parking r\u00e9serv\u00e9 aux visiteurs qui garantissent mobilit\u00e9 et fonctionnalit\u00e9, rendant possible un syst\u00e8me logistique rapide et efficace [&hellip;]<\/p>\n","protected":false},"author":1,"featured_media":0,"parent":0,"menu_order":0,"comment_status":"closed","ping_status":"closed","template":"","meta":{"footnotes":""},"class_list":["post-2712","page","type-page","status-publish","hentry"],"yoast_head":"<!-- This site is optimized with the Yoast SEO plugin v26.5 - https:\/\/yoast.com\/wordpress\/plugins\/seo\/ -->\n<title>Fours Professionnels \u00e0 Cuisson Rapide \u2013 Eurotec Riga<\/title>\n<meta name=\"description\" content=\"Fours professionnels combin\u00e9s pour cuisson acc\u00e9l\u00e9r\u00e9e \u2013 rapidit\u00e9, polyvalence et fiabilit\u00e9 pour cuisines exigeantes.\" \/>\n<meta name=\"robots\" content=\"index, follow, max-snippet:-1, max-image-preview:large, max-video-preview:-1\" \/>\n<link rel=\"canonical\" href=\"https:\/\/www.eurotecriga.com\/fr\/qui-nous-sommes\/\" \/>\n<meta property=\"og:locale\" content=\"fr_FR\" \/>\n<meta property=\"og:type\" content=\"article\" \/>\n<meta property=\"og:title\" content=\"Fours Professionnels \u00e0 Cuisson Rapide \u2013 Eurotec Riga\" \/>\n<meta property=\"og:description\" content=\"Fours professionnels combin\u00e9s pour cuisson acc\u00e9l\u00e9r\u00e9e \u2013 rapidit\u00e9, polyvalence et fiabilit\u00e9 pour cuisines exigeantes.\" \/>\n<meta property=\"og:url\" content=\"https:\/\/www.eurotecriga.com\/fr\/qui-nous-sommes\/\" \/>\n<meta property=\"og:site_name\" content=\"Eurotec Riga\" \/>\n<meta property=\"article:modified_time\" content=\"2025-12-05T12:22:54+00:00\" \/>\n<meta property=\"og:image\" content=\"https:\/\/www.eurotecriga.com\/wp-content\/uploads\/2025\/09\/50-anni-di-esperienza-1.png\" \/>\n<meta name=\"twitter:card\" content=\"summary_large_image\" \/>\n<meta name=\"twitter:label1\" content=\"Dur\u00e9e de lecture estim\u00e9e\" \/>\n\t<meta name=\"twitter:data1\" content=\"2 minutes\" \/>\n<script type=\"application\/ld+json\" class=\"yoast-schema-graph\">{\"@context\":\"https:\/\/schema.org\",\"@graph\":[{\"@type\":\"WebPage\",\"@id\":\"https:\/\/www.eurotecriga.com\/fr\/qui-nous-sommes\/\",\"url\":\"https:\/\/www.eurotecriga.com\/fr\/qui-nous-sommes\/\",\"name\":\"Fours Professionnels \u00e0 Cuisson Rapide \u2013 Eurotec Riga\",\"isPartOf\":{\"@id\":\"https:\/\/www.eurotecriga.com\/#website\"},\"primaryImageOfPage\":{\"@id\":\"https:\/\/www.eurotecriga.com\/fr\/qui-nous-sommes\/#primaryimage\"},\"image\":{\"@id\":\"https:\/\/www.eurotecriga.com\/fr\/qui-nous-sommes\/#primaryimage\"},\"thumbnailUrl\":\"https:\/\/www.eurotecriga.com\/wp-content\/uploads\/2025\/09\/50-anni-di-esperienza-1.png\",\"datePublished\":\"2024-02-29T08:46:45+00:00\",\"dateModified\":\"2025-12-05T12:22:54+00:00\",\"description\":\"Fours professionnels combin\u00e9s pour cuisson acc\u00e9l\u00e9r\u00e9e \u2013 rapidit\u00e9, polyvalence et fiabilit\u00e9 pour cuisines exigeantes.\",\"breadcrumb\":{\"@id\":\"https:\/\/www.eurotecriga.com\/fr\/qui-nous-sommes\/#breadcrumb\"},\"inLanguage\":\"fr-FR\",\"potentialAction\":[{\"@type\":\"ReadAction\",\"target\":[\"https:\/\/www.eurotecriga.com\/fr\/qui-nous-sommes\/\"]}]},{\"@type\":\"ImageObject\",\"inLanguage\":\"fr-FR\",\"@id\":\"https:\/\/www.eurotecriga.com\/fr\/qui-nous-sommes\/#primaryimage\",\"url\":\"https:\/\/www.eurotecriga.com\/wp-content\/uploads\/2025\/09\/50-anni-di-esperienza-1.png\",\"contentUrl\":\"https:\/\/www.eurotecriga.com\/wp-content\/uploads\/2025\/09\/50-anni-di-esperienza-1.png\"},{\"@type\":\"BreadcrumbList\",\"@id\":\"https:\/\/www.eurotecriga.com\/fr\/qui-nous-sommes\/#breadcrumb\",\"itemListElement\":[{\"@type\":\"ListItem\",\"position\":1,\"name\":\"Home\",\"item\":\"https:\/\/www.eurotecriga.com\/fr\/\"},{\"@type\":\"ListItem\",\"position\":2,\"name\":\"Qui nous sommes\"}]},{\"@type\":\"WebSite\",\"@id\":\"https:\/\/www.eurotecriga.com\/#website\",\"url\":\"https:\/\/www.eurotecriga.com\/\",\"name\":\"Eurotec Riga\",\"description\":\"Eurotec Riga\",\"publisher\":{\"@id\":\"https:\/\/www.eurotecriga.com\/#organization\"},\"potentialAction\":[{\"@type\":\"SearchAction\",\"target\":{\"@type\":\"EntryPoint\",\"urlTemplate\":\"https:\/\/www.eurotecriga.com\/?s={search_term_string}\"},\"query-input\":{\"@type\":\"PropertyValueSpecification\",\"valueRequired\":true,\"valueName\":\"search_term_string\"}}],\"inLanguage\":\"fr-FR\"},{\"@type\":\"Organization\",\"@id\":\"https:\/\/www.eurotecriga.com\/#organization\",\"name\":\"Eurotec Riga\",\"url\":\"https:\/\/www.eurotecriga.com\/\",\"logo\":{\"@type\":\"ImageObject\",\"inLanguage\":\"fr-FR\",\"@id\":\"https:\/\/www.eurotecriga.com\/#\/schema\/logo\/image\/\",\"url\":\"https:\/\/www.eurotecriga.com\/wp-content\/uploads\/2024\/02\/50-anni-di-esperienza-2-e1758613634850.png\",\"contentUrl\":\"https:\/\/www.eurotecriga.com\/wp-content\/uploads\/2024\/02\/50-anni-di-esperienza-2-e1758613634850.png\",\"width\":1080,\"height\":292,\"caption\":\"Eurotec Riga\"},\"image\":{\"@id\":\"https:\/\/www.eurotecriga.com\/#\/schema\/logo\/image\/\"}}]}<\/script>\n<!-- \/ Yoast SEO plugin. -->","yoast_head_json":{"title":"Fours Professionnels \u00e0 Cuisson Rapide \u2013 Eurotec Riga","description":"Fours professionnels combin\u00e9s pour cuisson acc\u00e9l\u00e9r\u00e9e \u2013 rapidit\u00e9, polyvalence et fiabilit\u00e9 pour cuisines exigeantes.","robots":{"index":"index","follow":"follow","max-snippet":"max-snippet:-1","max-image-preview":"max-image-preview:large","max-video-preview":"max-video-preview:-1"},"canonical":"https:\/\/www.eurotecriga.com\/fr\/qui-nous-sommes\/","og_locale":"fr_FR","og_type":"article","og_title":"Fours Professionnels \u00e0 Cuisson Rapide \u2013 Eurotec Riga","og_description":"Fours professionnels combin\u00e9s pour cuisson acc\u00e9l\u00e9r\u00e9e \u2013 rapidit\u00e9, polyvalence et fiabilit\u00e9 pour cuisines exigeantes.","og_url":"https:\/\/www.eurotecriga.com\/fr\/qui-nous-sommes\/","og_site_name":"Eurotec Riga","article_modified_time":"2025-12-05T12:22:54+00:00","og_image":[{"url":"https:\/\/www.eurotecriga.com\/wp-content\/uploads\/2025\/09\/50-anni-di-esperienza-1.png","type":"","width":"","height":""}],"twitter_card":"summary_large_image","twitter_misc":{"Dur\u00e9e de lecture estim\u00e9e":"2 minutes"},"schema":{"@context":"https:\/\/schema.org","@graph":[{"@type":"WebPage","@id":"https:\/\/www.eurotecriga.com\/fr\/qui-nous-sommes\/","url":"https:\/\/www.eurotecriga.com\/fr\/qui-nous-sommes\/","name":"Fours Professionnels \u00e0 Cuisson Rapide \u2013 Eurotec Riga","isPartOf":{"@id":"https:\/\/www.eurotecriga.com\/#website"},"primaryImageOfPage":{"@id":"https:\/\/www.eurotecriga.com\/fr\/qui-nous-sommes\/#primaryimage"},"image":{"@id":"https:\/\/www.eurotecriga.com\/fr\/qui-nous-sommes\/#primaryimage"},"thumbnailUrl":"https:\/\/www.eurotecriga.com\/wp-content\/uploads\/2025\/09\/50-anni-di-esperienza-1.png","datePublished":"2024-02-29T08:46:45+00:00","dateModified":"2025-12-05T12:22:54+00:00","description":"Fours professionnels combin\u00e9s pour cuisson acc\u00e9l\u00e9r\u00e9e \u2013 rapidit\u00e9, polyvalence et fiabilit\u00e9 pour cuisines exigeantes.","breadcrumb":{"@id":"https:\/\/www.eurotecriga.com\/fr\/qui-nous-sommes\/#breadcrumb"},"inLanguage":"fr-FR","potentialAction":[{"@type":"ReadAction","target":["https:\/\/www.eurotecriga.com\/fr\/qui-nous-sommes\/"]}]},{"@type":"ImageObject","inLanguage":"fr-FR","@id":"https:\/\/www.eurotecriga.com\/fr\/qui-nous-sommes\/#primaryimage","url":"https:\/\/www.eurotecriga.com\/wp-content\/uploads\/2025\/09\/50-anni-di-esperienza-1.png","contentUrl":"https:\/\/www.eurotecriga.com\/wp-content\/uploads\/2025\/09\/50-anni-di-esperienza-1.png"},{"@type":"BreadcrumbList","@id":"https:\/\/www.eurotecriga.com\/fr\/qui-nous-sommes\/#breadcrumb","itemListElement":[{"@type":"ListItem","position":1,"name":"Home","item":"https:\/\/www.eurotecriga.com\/fr\/"},{"@type":"ListItem","position":2,"name":"Qui nous sommes"}]},{"@type":"WebSite","@id":"https:\/\/www.eurotecriga.com\/#website","url":"https:\/\/www.eurotecriga.com\/","name":"Eurotec Riga","description":"Eurotec Riga","publisher":{"@id":"https:\/\/www.eurotecriga.com\/#organization"},"potentialAction":[{"@type":"SearchAction","target":{"@type":"EntryPoint","urlTemplate":"https:\/\/www.eurotecriga.com\/?s={search_term_string}"},"query-input":{"@type":"PropertyValueSpecification","valueRequired":true,"valueName":"search_term_string"}}],"inLanguage":"fr-FR"},{"@type":"Organization","@id":"https:\/\/www.eurotecriga.com\/#organization","name":"Eurotec Riga","url":"https:\/\/www.eurotecriga.com\/","logo":{"@type":"ImageObject","inLanguage":"fr-FR","@id":"https:\/\/www.eurotecriga.com\/#\/schema\/logo\/image\/","url":"https:\/\/www.eurotecriga.com\/wp-content\/uploads\/2024\/02\/50-anni-di-esperienza-2-e1758613634850.png","contentUrl":"https:\/\/www.eurotecriga.com\/wp-content\/uploads\/2024\/02\/50-anni-di-esperienza-2-e1758613634850.png","width":1080,"height":292,"caption":"Eurotec Riga"},"image":{"@id":"https:\/\/www.eurotecriga.com\/#\/schema\/logo\/image\/"}}]}},"_links":{"self":[{"href":"https:\/\/www.eurotecriga.com\/fr\/wp-json\/wp\/v2\/pages\/2712","targetHints":{"allow":["GET"]}}],"collection":[{"href":"https:\/\/www.eurotecriga.com\/fr\/wp-json\/wp\/v2\/pages"}],"about":[{"href":"https:\/\/www.eurotecriga.com\/fr\/wp-json\/wp\/v2\/types\/page"}],"author":[{"embeddable":true,"href":"https:\/\/www.eurotecriga.com\/fr\/wp-json\/wp\/v2\/users\/1"}],"replies":[{"embeddable":true,"href":"https:\/\/www.eurotecriga.com\/fr\/wp-json\/wp\/v2\/comments?post=2712"}],"version-history":[{"count":2,"href":"https:\/\/www.eurotecriga.com\/fr\/wp-json\/wp\/v2\/pages\/2712\/revisions"}],"predecessor-version":[{"id":5395,"href":"https:\/\/www.eurotecriga.com\/fr\/wp-json\/wp\/v2\/pages\/2712\/revisions\/5395"}],"wp:attachment":[{"href":"https:\/\/www.eurotecriga.com\/fr\/wp-json\/wp\/v2\/media?parent=2712"}],"curies":[{"name":"wp","href":"https:\/\/api.w.org\/{rel}","templated":true}]}}